{"id":4812,"date":"2019-06-26T16:23:57","date_gmt":"2019-06-26T14:23:57","guid":{"rendered":"https:\/\/cpqiberica.es\/contacto\/"},"modified":"2022-07-01T13:07:45","modified_gmt":"2022-07-01T11:07:45","slug":"contacte","status":"publish","type":"page","link":"https:\/\/www.cpqiberica.es\/ca\/contacte\/","title":{"rendered":"Contacte"},"content":{"rendered":"\t\t<div data-elementor-type=\"wp-post\" data-elementor-id=\"4812\" class=\"elementor elementor-4812 elementor-320\">\n\t\t\t\t\t\t<div class=\"elementor-inner\">\n\t\t\t\t<div class=\"elementor-section-wrap\">\n\t\t\t\t\t\t\t\t\t<section class=\"elementor-section elementor-top-section elementor-element elementor-element-88ee957 elementor-section-full_width elementor-section-height-min-height elementor-section-height-default elementor-section-items-middle\" data-id=\"88ee957\" data-element_type=\"section\">\n\t\t\t\t\t\t<div class=\"elementor-container elementor-column-gap-default\">\n\t\t\t\t\t\t\t<div class=\"elementor-row\">\n\t\t\t\t\t<div class=\"elementor-column elementor-col-100 elementor-top-column elementor-element elementor-element-3bce46c\" data-id=\"3bce46c\" data-element_type=\"column\">\n\t\t\t<div class=\"elementor-column-wrap elementor-element-populated\">\n\t\t\t\t\t\t\t<div class=\"elementor-widget-wrap\">\n\t\t\t\t\t\t<div class=\"elementor-element elementor-element-c808594 elementor-widget elementor-widget-bdt-open-street-map\" data-id=\"c808594\" data-element_type=\"widget\" data-widget_type=\"bdt-open-street-map.default\">\n\t\t\t\t<div class=\"elementor-widget-container\">\n\t\t\t\t\t\t<div class=\"bdt-open-street-map\" style=\"width: auto; min-height: 400px;\" data-settings=\"{&quot;mapboxToken&quot;:&quot;pk.eyJ1Ijoicm9uaW5lc3R1ZGkiLCJhIjoiY2ppb21zMnJ2MHA3dzN2cnY4aTM4dzV6ZiJ9.KTa3bJKInDEPgb2YWaSckA&quot;,&quot;lat&quot;:&quot;41.550835&quot;,&quot;lng&quot;:&quot;2.227467&quot;,&quot;zoomControl&quot;:true,&quot;zoom&quot;:16}\" data-map_markers=\"[{&quot;lat&quot;:&quot;41.550835&quot;,&quot;lng&quot;:&quot;2.227467&quot;,&quot;title&quot;:&quot;CPQ IB\\u00c9RICA&quot;,&quot;iconUrl&quot;:&quot;https:\\\/\\\/www.cpqiberica.es\\\/wp-content\\\/plugins\\\/bdthemes-element-pack\\\/assets\\\/images\\\/location.svg&quot;,&quot;infoWindow&quot;:&quot;CPQ IB\\u00c9RICA&lt;br&gt;\\nC\\\/ Facundo Bacard\\u00ed I Mass\\u00f3, 15\\n&lt;br&gt;08100 - Mollet del Vall\\u00e8s\\n&lt;br&gt;(Barcelona) SPAIN&quot;}]\"><\/div>\n\t\t    \t\t<\/div>\n\t\t\t\t<\/div>\n\t\t\t\t\t\t<\/div>\n\t\t\t\t\t<\/div>\n\t\t<\/div>\n\t\t\t\t\t\t\t\t<\/div>\n\t\t\t\t\t<\/div>\n\t\t<\/section>\n\t\t\t\t<section class=\"elementor-section elementor-top-section elementor-element elementor-element-1cee59b8 elementor-section-content-middle elementor-section-height-min-height elementor-section-boxed elementor-section-height-default elementor-section-items-middle\" data-id=\"1cee59b8\" data-element_type=\"section\">\n\t\t\t\t\t\t<div class=\"elementor-container elementor-column-gap-no\">\n\t\t\t\t\t\t\t<div class=\"elementor-row\">\n\t\t\t\t\t<div class=\"elementor-column elementor-col-100 elementor-top-column elementor-element elementor-element-64461f2d\" data-id=\"64461f2d\" data-element_type=\"column\">\n\t\t\t<div class=\"elementor-column-wrap elementor-element-populated\">\n\t\t\t\t\t\t\t<div class=\"elementor-widget-wrap\">\n\t\t\t\t\t\t<div class=\"elementor-element elementor-element-7d14d94f elementor-widget elementor-widget-heading\" data-id=\"7d14d94f\" data-element_type=\"widget\" data-widget_type=\"heading.default\">\n\t\t\t\t<div class=\"elementor-widget-container\">\n\t\t\t<h3 class=\"elementor-heading-title elementor-size-default\">posa't en CONTACTe AMB NOSALTRES<\/h3>\t\t<\/div>\n\t\t\t\t<\/div>\n\t\t\t\t<section class=\"elementor-section elementor-inner-section elementor-element elementor-element-1ac1fd elementor-section-content-middle elementor-section-boxed elementor-section-height-default elementor-section-height-default\" data-id=\"1ac1fd\" data-element_type=\"section\">\n\t\t\t\t\t\t<div class=\"elementor-container elementor-column-gap-no\">\n\t\t\t\t\t\t\t<div class=\"elementor-row\">\n\t\t\t\t\t<div class=\"elementor-column elementor-col-50 elementor-inner-column elementor-element elementor-element-7778da6b\" data-id=\"7778da6b\" data-element_type=\"column\">\n\t\t\t<div class=\"elementor-column-wrap elementor-element-populated\">\n\t\t\t\t\t\t\t<div class=\"elementor-widget-wrap\">\n\t\t\t\t\t\t<div class=\"elementor-element elementor-element-6556705f elementor-mobile-button-align-center elementor-button-align-stretch elementor-widget elementor-widget-form\" data-id=\"6556705f\" data-element_type=\"widget\" data-settings=\"{&quot;step_next_label&quot;:&quot;Next&quot;,&quot;step_previous_label&quot;:&quot;Previous&quot;,&quot;button_width&quot;:&quot;100&quot;,&quot;step_type&quot;:&quot;number_text&quot;,&quot;step_icon_shape&quot;:&quot;circle&quot;}\" data-widget_type=\"form.default\">\n\t\t\t\t<div class=\"elementor-widget-container\">\n\t\t\t\t\t<form class=\"elementor-form\" method=\"post\" name=\"Nuevo Formulario\">\n\t\t\t<input type=\"hidden\" name=\"post_id\" value=\"4812\"\/>\n\t\t\t<input type=\"hidden\" name=\"form_id\" value=\"6556705f\"\/>\n\t\t\t<input type=\"hidden\" name=\"referer_title\" value=\"CPQ Ib\u00e9rica S.A. &#8211; Qu\u00edmica + Tecnolog\u00eda + Serveis\" \/>\n\n\t\t\t\n\t\t\t<div class=\"elementor-form-fields-wrapper elementor-labels-above\">\n\t\t\t\t\t\t\t\t<div class=\"elementor-field-type-text elementor-field-group elementor-column elementor-field-group-name elementor-col-50 elementor-field-required elementor-mark-required\">\n\t\t\t\t\t\t\t\t\t\t\t\t<label for=\"form-field-name\" class=\"elementor-field-label\">\n\t\t\t\t\t\t\t\tNom i Cognoms\t\t\t\t\t\t\t<\/label>\n\t\t\t\t\t\t\t\t\t\t\t\t\t\t<input size=\"1\" type=\"text\" name=\"form_fields[name]\" id=\"form-field-name\" class=\"elementor-field elementor-size-sm  elementor-field-textual\" required=\"required\" aria-required=\"true\">\n\t\t\t\t\t\t\t\t\t\t\t<\/div>\n\t\t\t\t\t\t\t\t<div class=\"elementor-field-type-text elementor-field-group elementor-column elementor-field-group-field_2 elementor-col-50 elementor-field-required elementor-mark-required\">\n\t\t\t\t\t\t\t\t\t\t\t\t<label for=\"form-field-field_2\" class=\"elementor-field-label\">\n\t\t\t\t\t\t\t\tEmpresa\t\t\t\t\t\t\t<\/label>\n\t\t\t\t\t\t\t\t\t\t\t\t\t\t<input size=\"1\" type=\"text\" name=\"form_fields[field_2]\" id=\"form-field-field_2\" class=\"elementor-field elementor-size-sm  elementor-field-textual\" required=\"required\" aria-required=\"true\">\n\t\t\t\t\t\t\t\t\t\t\t<\/div>\n\t\t\t\t\t\t\t\t<div class=\"elementor-field-type-email elementor-field-group elementor-column elementor-field-group-email elementor-col-50 elementor-field-required elementor-mark-required\">\n\t\t\t\t\t\t\t\t\t\t\t\t<label for=\"form-field-email\" class=\"elementor-field-label\">\n\t\t\t\t\t\t\t\tEmail\t\t\t\t\t\t\t<\/label>\n\t\t\t\t\t\t\t\t\t\t\t\t\t\t<input size=\"1\" type=\"email\" name=\"form_fields[email]\" id=\"form-field-email\" class=\"elementor-field elementor-size-sm  elementor-field-textual\" required=\"required\" aria-required=\"true\">\n\t\t\t\t\t\t\t\t\t\t\t<\/div>\n\t\t\t\t\t\t\t\t<div class=\"elementor-field-type-tel elementor-field-group elementor-column elementor-field-group-field_1 elementor-col-50 elementor-field-required elementor-mark-required\">\n\t\t\t\t\t\t\t\t\t\t\t\t<label for=\"form-field-field_1\" class=\"elementor-field-label\">\n\t\t\t\t\t\t\t\tTel\u00e8fon\t\t\t\t\t\t\t<\/label>\n\t\t\t\t\t\t\t\t<input size=\"1\" type=\"tel\" name=\"form_fields[field_1]\" id=\"form-field-field_1\" class=\"elementor-field elementor-size-sm  elementor-field-textual\" required=\"required\" aria-required=\"true\" pattern=\"[0-9()#&amp;+*-=.]+\" title=\"Only numbers and phone characters (#, -, *, etc) are accepted.\">\n\n\t\t\t\t\t\t<\/div>\n\t\t\t\t\t\t\t\t<div class=\"elementor-field-type-textarea elementor-field-group elementor-column elementor-field-group-message elementor-col-100 elementor-field-required elementor-mark-required\">\n\t\t\t\t\t\t\t\t\t\t\t\t<label for=\"form-field-message\" class=\"elementor-field-label\">\n\t\t\t\t\t\t\t\tMissatge\t\t\t\t\t\t\t<\/label>\n\t\t\t\t\t\t<textarea class=\"elementor-field-textual elementor-field  elementor-size-sm\" name=\"form_fields[message]\" id=\"form-field-message\" rows=\"4\" required=\"required\" aria-required=\"true\"><\/textarea>\t\t\t\t<\/div>\n\t\t\t\t\t\t\t\t<div class=\"elementor-field-type-acceptance elementor-field-group elementor-column elementor-field-group-field_3 elementor-col-100 elementor-field-required elementor-mark-required\">\n\t\t\t\t\t\t\t\t\t\t\t\t<label for=\"form-field-field_3\" class=\"elementor-field-label\">\n\t\t\t\t\t\t\t\tPrivacitat\t\t\t\t\t\t\t<\/label>\n\t\t\t\t\t\t\t\t<div class=\"elementor-field-subgroup\">\n\t\t\t<span class=\"elementor-field-option\">\n\t\t\t\t<input type=\"checkbox\" name=\"form_fields[field_3]\" id=\"form-field-field_3\" class=\"elementor-field elementor-size-sm  elementor-acceptance-field\" required=\"required\" aria-required=\"true\">\n\t\t\t\t<label for=\"form-field-field_3\">He llegit i accepto la <a href=\"https:\/\/www.cpqiberica.es\/politica-privacidad\/\">Pol\u00edtica de Privacitat<\/a><\/label>\t\t\t<\/span>\n\t\t<\/div>\n\t\t\t\t\t\t<\/div>\n\t\t\t\t\t\t\t\t<div class=\"elementor-field-type-recaptcha_v3 elementor-field-group elementor-column elementor-field-group-field_4 elementor-col-100 recaptcha_v3-bottomleft\">\n\t\t\t\t\t<div class=\"elementor-field\" id=\"form-field-field_4\"><div class=\"elementor-g-recaptcha\" data-sitekey=\"6Ld9rNUUAAAAAE1dXUfY2M33Ni07LDMNBJRTPfNh\" data-type=\"v3\" data-action=\"Form\" data-badge=\"bottomleft\" data-size=\"invisible\"><\/div><\/div>\t\t\t\t<\/div>\n\t\t\t\t\t\t\t\t<div class=\"elementor-field-group elementor-column elementor-field-type-submit elementor-col-100 e-form__buttons\">\n\t\t\t\t\t<button type=\"submit\" class=\"elementor-button elementor-size-sm\">\n\t\t\t\t\t\t<span >\n\t\t\t\t\t\t\t\t\t\t\t\t\t\t\t<span class=\" elementor-button-icon\">\n\t\t\t\t\t\t\t\t\t\t\t\t\t\t\t\t\t\t\t\t\t\t\t\t\t\t<\/span>\n\t\t\t\t\t\t\t\t\t\t\t\t\t\t\t\t\t\t\t\t\t\t<span class=\"elementor-button-text\">ENVIAR MISSATGE<\/span>\n\t\t\t\t\t\t\t\t\t\t\t\t\t<\/span>\n\t\t\t\t\t<\/button>\n\t\t\t\t<\/div>\n\t\t\t<\/div>\n\t\t<\/form>\n\t\t\t\t<\/div>\n\t\t\t\t<\/div>\n\t\t\t\t<div class=\"elementor-element elementor-element-4b653e8 elementor-widget elementor-widget-text-editor\" data-id=\"4b653e8\" data-element_type=\"widget\" data-widget_type=\"text-editor.default\">\n\t\t\t\t<div class=\"elementor-widget-container\">\n\t\t\t\t\t\t\t\t<div class=\"elementor-text-editor elementor-clearfix\">\n\t\t\t\t<p><strong>INFORMACI\u00d3 SOBRE PROTECCI\u00d3 DE DADES DE CPQ IB\u00c8RICA S.A.U. Finalitats:<\/strong> Facilitar-li un mitj\u00e0 perqu\u00e8 pugui posar-se en contacte amb nosaltres i contestar les seves sol\u00b7licituds d&#8217;informaci\u00f3, aix\u00ed com enviar-li el nostre butllet\u00ed comercial i comunicacions informatives que puguin ser del vostre inter\u00e8s, fins i tot per mitjans electr\u00f2nics, en cas d&#8217;acceptar la casella corresponent. <strong>Legitimaci\u00f3:<\/strong> El vostre consentiment expr\u00e9s, l&#8217;execuci\u00f3 de la relaci\u00f3 precontractual o contractual mantinguda amb vost\u00e8 i l&#8217;inter\u00e8s leg\u00edtim de <strong>CPQ Ib\u00e9rica S.A.U. Destinataris:<\/strong> La informaci\u00f3 proporcionada podr\u00e0 ser compartida amb la nostra base de dades demmagatzematge i tercers prove\u00efdors que ens ajuden en la prestaci\u00f3 dels serveis. <strong>Drets:<\/strong> Podeu retirar el vostre consentiment en qualsevol moment, aix\u00ed com sol\u00b7licitar l&#8217;acc\u00e9s, rectificaci\u00f3, limitaci\u00f3, supressi\u00f3, i\/o portabilitat de les vostres dades a l&#8217;adre\u00e7a de correu electr\u00f2nic <a href=\"mailto:cpq@cpqiberica.es\">cpq@cpqiberica.es<\/a>. <strong>Informaci\u00f3 addicional:<\/strong> Podeu ampliar la informaci\u00f3 a l&#8217;enlla\u00e7 de <a href=\"https:\/\/cpqiberica.es\/politica-privacidad\/\" target=\"_blank\" rel=\"noopener\">Pol\u00edtica de Privadesa<\/a>.<\/p>\t\t\t\t\t<\/div>\n\t\t\t\t\t\t<\/div>\n\t\t\t\t<\/div>\n\t\t\t\t\t\t<\/div>\n\t\t\t\t\t<\/div>\n\t\t<\/div>\n\t\t\t\t<div class=\"elementor-column elementor-col-50 elementor-inner-column elementor-element elementor-element-1aa2406e\" data-id=\"1aa2406e\" data-element_type=\"column\">\n\t\t\t<div class=\"elementor-column-wrap elementor-element-populated\">\n\t\t\t\t\t\t\t<div class=\"elementor-widget-wrap\">\n\t\t\t\t\t\t<div class=\"elementor-element elementor-element-066c40a elementor-position-top elementor-vertical-align-top elementor-widget elementor-widget-image-box\" data-id=\"066c40a\" data-element_type=\"widget\" data-settings=\"{&quot;motion_fx_translateX_effect&quot;:&quot;yes&quot;,&quot;motion_fx_translateX_speed&quot;:{&quot;unit&quot;:&quot;px&quot;,&quot;size&quot;:10,&quot;sizes&quot;:[]},&quot;motion_fx_translateX_affectedRange&quot;:{&quot;unit&quot;:&quot;%&quot;,&quot;size&quot;:&quot;&quot;,&quot;sizes&quot;:{&quot;start&quot;:0,&quot;end&quot;:50}},&quot;motion_fx_motion_fx_scrolling&quot;:&quot;yes&quot;,&quot;motion_fx_devices&quot;:[&quot;desktop&quot;,&quot;tablet&quot;,&quot;mobile&quot;]}\" data-widget_type=\"image-box.default\">\n\t\t\t\t<div class=\"elementor-widget-container\">\n\t\t\t<div class=\"elementor-image-box-wrapper\"><figure class=\"elementor-image-box-img\"><a href=\"tel:0034935700901\"><img width=\"260\" height=\"300\" src=\"https:\/\/www.cpqiberica.es\/wp-content\/uploads\/2022\/02\/phone-roninestudi-260x300.png\" class=\"attachment-medium size-medium\" alt=\"\" loading=\"lazy\" \/><\/a><\/figure><div class=\"elementor-image-box-content\"><h3 class=\"elementor-image-box-title\"><a href=\"tel:0034935700901\">+34 935 700 901<\/a><\/h3><p class=\"elementor-image-box-description\">toca per trucar<\/p><\/div><\/div>\t\t<\/div>\n\t\t\t\t<\/div>\n\t\t\t\t<div class=\"elementor-element elementor-element-e06b9e5 elementor-widget elementor-widget-text-editor\" data-id=\"e06b9e5\" data-element_type=\"widget\" data-widget_type=\"text-editor.default\">\n\t\t\t\t<div class=\"elementor-widget-container\">\n\t\t\t\t\t\t\t\t<div class=\"elementor-text-editor elementor-clearfix\">\n\t\t\t\t<p><strong>Tamb\u00e9 pots posar-te en contacte amb nosaltres a trav\u00e9s de Whatsapp! al tel\u00e8fon:<\/strong><\/p><p><strong>\u00a0<\/strong><\/p>\t\t\t\t\t<\/div>\n\t\t\t\t\t\t<\/div>\n\t\t\t\t<\/div>\n\t\t\t\t<div class=\"elementor-element elementor-element-4894466 elementor-position-top elementor-vertical-align-top elementor-widget elementor-widget-image-box\" data-id=\"4894466\" data-element_type=\"widget\" data-settings=\"{&quot;motion_fx_motion_fx_scrolling&quot;:&quot;yes&quot;,&quot;motion_fx_translateX_effect&quot;:&quot;yes&quot;,&quot;motion_fx_translateX_speed&quot;:{&quot;unit&quot;:&quot;px&quot;,&quot;size&quot;:10,&quot;sizes&quot;:[]},&quot;motion_fx_translateX_affectedRange&quot;:{&quot;unit&quot;:&quot;%&quot;,&quot;size&quot;:&quot;&quot;,&quot;sizes&quot;:{&quot;start&quot;:0,&quot;end&quot;:50}},&quot;motion_fx_devices&quot;:[&quot;desktop&quot;,&quot;tablet&quot;,&quot;mobile&quot;]}\" data-widget_type=\"image-box.default\">\n\t\t\t\t<div class=\"elementor-widget-container\">\n\t\t\t<div class=\"elementor-image-box-wrapper\"><figure class=\"elementor-image-box-img\"><a href=\"http:\/\/wa.me\/+34673197803\" target=\"_blank\"><img width=\"166\" height=\"166\" src=\"https:\/\/www.cpqiberica.es\/wp-content\/uploads\/2022\/05\/Logo_whatsApp-01.svg\" class=\"attachment-full size-full\" alt=\"\" loading=\"lazy\" \/><\/a><\/figure><div class=\"elementor-image-box-content\"><h3 class=\"elementor-image-box-title\"><a href=\"http:\/\/wa.me\/+34673197803\" target=\"_blank\">+34 673 197 803<\/a><\/h3><\/div><\/div>\t\t<\/div>\n\t\t\t\t<\/div>\n\t\t\t\t<div class=\"elementor-element elementor-element-71c2375 elementor-widget elementor-widget-text-editor\" data-id=\"71c2375\" data-element_type=\"widget\" data-widget_type=\"text-editor.default\">\n\t\t\t\t<div class=\"elementor-widget-container\">\n\t\t\t\t\t\t\t\t<div class=\"elementor-text-editor elementor-clearfix\">\n\t\t\t\t<p><strong>DILLUNS A DIVENDRES:<\/strong><br \/>DE 07:00 A 15:00<\/p>\t\t\t\t\t<\/div>\n\t\t\t\t\t\t<\/div>\n\t\t\t\t<\/div>\n\t\t\t\t<div class=\"elementor-element elementor-element-e224ea8 elementor-widget-divider--view-line elementor-widget elementor-widget-divider\" data-id=\"e224ea8\" data-element_type=\"widget\" data-widget_type=\"divider.default\">\n\t\t\t\t<div class=\"elementor-widget-container\">\n\t\t\t\t\t<div class=\"elementor-divider\">\n\t\t\t<span class=\"elementor-divider-separator\">\n\t\t\t\t\t\t<\/span>\n\t\t<\/div>\n\t\t\t\t<\/div>\n\t\t\t\t<\/div>\n\t\t\t\t<div class=\"elementor-element elementor-element-61b2490 elementor-widget elementor-widget-text-editor\" data-id=\"61b2490\" data-element_type=\"widget\" data-widget_type=\"text-editor.default\">\n\t\t\t\t<div class=\"elementor-widget-container\">\n\t\t\t\t\t\t\t\t<div class=\"elementor-text-editor elementor-clearfix\">\n\t\t\t\t<p><strong>Adre\u00e7a<\/strong><br \/>C\/ Facundo Bacard\u00ed i Mass\u00f3, 15<br \/>08100 &#8211; Mollet del Vall\u00e8s (Barcelona) SPAIN<\/p>\t\t\t\t\t<\/div>\n\t\t\t\t\t\t<\/div>\n\t\t\t\t<\/div>\n\t\t\t\t<div class=\"elementor-element elementor-element-b443bf4 elementor-widget elementor-widget-text-editor\" data-id=\"b443bf4\" data-element_type=\"widget\" data-widget_type=\"text-editor.default\">\n\t\t\t\t<div class=\"elementor-widget-container\">\n\t\t\t\t\t\t\t\t<div class=\"elementor-text-editor elementor-clearfix\">\n\t\t\t\t<p>Email <span style=\"color: #6aa293;\"><a style=\"color: #6aa293;\" href=\"mailto:cpq@cpqiberica.es\"><strong>cpq@cpqiberica.es<\/strong><\/a><\/span><\/p>\t\t\t\t\t<\/div>\n\t\t\t\t\t\t<\/div>\n\t\t\t\t<\/div>\n\t\t\t\t\t\t<\/div>\n\t\t\t\t\t<\/div>\n\t\t<\/div>\n\t\t\t\t\t\t\t\t<\/div>\n\t\t\t\t\t<\/div>\n\t\t<\/section>\n\t\t\t\t\t\t<\/div>\n\t\t\t\t\t<\/div>\n\t\t<\/div>\n\t\t\t\t\t\t\t\t<\/div>\n\t\t\t\t\t<\/div>\n\t\t<\/section>\n\t\t\t\t\t\t\t\t\t<\/div>\n\t\t\t<\/div>\n\t\t\t\t\t<\/div>\n\t\t","protected":false},"excerpt":{"rendered":"<p>posa&#8217;t en CONTACTe AMB NOSALTRES INFORMACI\u00d3 SOBRE PROTECCI\u00d3 DE DADES DE CPQ IB\u00c8RICA S.A.U. Finalitats: Facilitar-li un mitj\u00e0 perqu\u00e8 pugui posar-se en contacte amb nosaltres i contestar les seves sol\u00b7licituds d&#8217;informaci\u00f3, aix\u00ed com enviar-li el nostre butllet\u00ed comercial i comunicacions informatives que puguin ser del vostre inter\u00e8s, fins i tot per mitjans electr\u00f2nics, en cas [&hellip;]<\/p>\n","protected":false},"author":1,"featured_media":0,"parent":0,"menu_order":0,"comment_status":"closed","ping_status":"closed","template":"elementor_header_footer","meta":{"inline_featured_image":false},"yoast_head":"<!-- This site is optimized with the Yoast SEO plugin v18.4.1 - https:\/\/yoast.com\/wordpress\/plugins\/seo\/ -->\n<title>Contacte - CPQ Ib\u00e9rica S.A. - Qu\u00edmica + Tecnolog\u00eda + Serveis<\/title>\n<meta name=\"robots\" content=\"index, follow, max-snippet:-1, max-image-preview:large, max-video-preview:-1\" \/>\n<link rel=\"canonical\" href=\"https:\/\/www.cpqiberica.es\/ca\/contacte\/\" \/>\n<meta property=\"og:locale\" content=\"ca_ES\" \/>\n<meta property=\"og:type\" content=\"article\" \/>\n<meta property=\"og:title\" content=\"Contacte - CPQ Ib\u00e9rica S.A. - Qu\u00edmica + Tecnolog\u00eda + Serveis\" \/>\n<meta property=\"og:description\" content=\"posa&#8217;t en CONTACTe AMB NOSALTRES INFORMACI\u00d3 SOBRE PROTECCI\u00d3 DE DADES DE CPQ IB\u00c8RICA S.A.U. Finalitats: Facilitar-li un mitj\u00e0 perqu\u00e8 pugui posar-se en contacte amb nosaltres i contestar les seves sol\u00b7licituds d&#8217;informaci\u00f3, aix\u00ed com enviar-li el nostre butllet\u00ed comercial i comunicacions informatives que puguin ser del vostre inter\u00e8s, fins i tot per mitjans electr\u00f2nics, en cas [&hellip;]\" \/>\n<meta property=\"og:url\" content=\"https:\/\/www.cpqiberica.es\/ca\/contacte\/\" \/>\n<meta property=\"og:site_name\" content=\"CPQ Ib\u00e9rica S.A. - Qu\u00edmica + Tecnolog\u00eda + Serveis\" \/>\n<meta property=\"article:modified_time\" content=\"2022-07-01T11:07:45+00:00\" \/>\n<meta property=\"og:image\" content=\"https:\/\/www.cpqiberica.es\/wp-content\/uploads\/2022\/02\/phone-roninestudi-260x300.png\" \/>\n<meta name=\"twitter:card\" content=\"summary_large_image\" \/>\n<meta name=\"twitter:label1\" content=\"Temps estimat de lectura\" \/>\n\t<meta name=\"twitter:data1\" content=\"4 minuts\" \/>\n<script type=\"application\/ld+json\" class=\"yoast-schema-graph\">{\"@context\":\"https:\/\/schema.org\",\"@graph\":[{\"@type\":\"Organization\",\"@id\":\"https:\/\/www.cpqiberica.es\/#organization\",\"name\":\"CPQ Ib\u00e9rica\",\"url\":\"https:\/\/www.cpqiberica.es\/\",\"sameAs\":[],\"logo\":{\"@type\":\"ImageObject\",\"@id\":\"https:\/\/www.cpqiberica.es\/#logo\",\"inLanguage\":\"ca\",\"url\":\"https:\/\/cpqiberica.es\/wp-content\/uploads\/2021\/10\/CPQ-Iberica-Logo-completo.svg\",\"contentUrl\":\"https:\/\/cpqiberica.es\/wp-content\/uploads\/2021\/10\/CPQ-Iberica-Logo-completo.svg\",\"width\":449,\"height\":139,\"caption\":\"CPQ Ib\u00e9rica\"},\"image\":{\"@id\":\"https:\/\/www.cpqiberica.es\/#logo\"}},{\"@type\":\"WebSite\",\"@id\":\"https:\/\/www.cpqiberica.es\/#website\",\"url\":\"https:\/\/www.cpqiberica.es\/\",\"name\":\"CPQ Ib\u00e9rica S.A. - Qu\u00edmica + Tecnolog\u00eda + Serveis\",\"description\":\"\",\"publisher\":{\"@id\":\"https:\/\/www.cpqiberica.es\/#organization\"},\"potentialAction\":[{\"@type\":\"SearchAction\",\"target\":{\"@type\":\"EntryPoint\",\"urlTemplate\":\"https:\/\/www.cpqiberica.es\/?s={search_term_string}\"},\"query-input\":\"required name=search_term_string\"}],\"inLanguage\":\"ca\"},{\"@type\":\"ImageObject\",\"@id\":\"https:\/\/www.cpqiberica.es\/ca\/contacte\/#primaryimage\",\"inLanguage\":\"ca\",\"url\":\"https:\/\/www.cpqiberica.es\/wp-content\/uploads\/2022\/02\/phone-roninestudi.png\",\"contentUrl\":\"https:\/\/www.cpqiberica.es\/wp-content\/uploads\/2022\/02\/phone-roninestudi.png\",\"width\":300,\"height\":346},{\"@type\":\"WebPage\",\"@id\":\"https:\/\/www.cpqiberica.es\/ca\/contacte\/#webpage\",\"url\":\"https:\/\/www.cpqiberica.es\/ca\/contacte\/\",\"name\":\"Contacte - CPQ Ib\u00e9rica S.A. - Qu\u00edmica + Tecnolog\u00eda + Serveis\",\"isPartOf\":{\"@id\":\"https:\/\/www.cpqiberica.es\/#website\"},\"primaryImageOfPage\":{\"@id\":\"https:\/\/www.cpqiberica.es\/ca\/contacte\/#primaryimage\"},\"datePublished\":\"2019-06-26T14:23:57+00:00\",\"dateModified\":\"2022-07-01T11:07:45+00:00\",\"breadcrumb\":{\"@id\":\"https:\/\/www.cpqiberica.es\/ca\/contacte\/#breadcrumb\"},\"inLanguage\":\"ca\",\"potentialAction\":[{\"@type\":\"ReadAction\",\"target\":[\"https:\/\/www.cpqiberica.es\/ca\/contacte\/\"]}]},{\"@type\":\"BreadcrumbList\",\"@id\":\"https:\/\/www.cpqiberica.es\/ca\/contacte\/#breadcrumb\",\"itemListElement\":[{\"@type\":\"ListItem\",\"position\":1,\"name\":\"Portada\",\"item\":\"https:\/\/www.cpqiberica.es\/ca\/\"},{\"@type\":\"ListItem\",\"position\":2,\"name\":\"Contacte\"}]}]}<\/script>\n<!-- \/ Yoast SEO plugin. -->","yoast_head_json":{"title":"Contacte - CPQ Ib\u00e9rica S.A. - Qu\u00edmica + Tecnolog\u00eda + Serveis","robots":{"index":"index","follow":"follow","max-snippet":"max-snippet:-1","max-image-preview":"max-image-preview:large","max-video-preview":"max-video-preview:-1"},"canonical":"https:\/\/www.cpqiberica.es\/ca\/contacte\/","og_locale":"ca_ES","og_type":"article","og_title":"Contacte - CPQ Ib\u00e9rica S.A. - Qu\u00edmica + Tecnolog\u00eda + Serveis","og_description":"posa&#8217;t en CONTACTe AMB NOSALTRES INFORMACI\u00d3 SOBRE PROTECCI\u00d3 DE DADES DE CPQ IB\u00c8RICA S.A.U. Finalitats: Facilitar-li un mitj\u00e0 perqu\u00e8 pugui posar-se en contacte amb nosaltres i contestar les seves sol\u00b7licituds d&#8217;informaci\u00f3, aix\u00ed com enviar-li el nostre butllet\u00ed comercial i comunicacions informatives que puguin ser del vostre inter\u00e8s, fins i tot per mitjans electr\u00f2nics, en cas [&hellip;]","og_url":"https:\/\/www.cpqiberica.es\/ca\/contacte\/","og_site_name":"CPQ Ib\u00e9rica S.A. - Qu\u00edmica + Tecnolog\u00eda + Serveis","article_modified_time":"2022-07-01T11:07:45+00:00","og_image":[{"url":"https:\/\/www.cpqiberica.es\/wp-content\/uploads\/2022\/02\/phone-roninestudi-260x300.png"}],"twitter_card":"summary_large_image","twitter_misc":{"Temps estimat de lectura":"4 minuts"},"schema":{"@context":"https:\/\/schema.org","@graph":[{"@type":"Organization","@id":"https:\/\/www.cpqiberica.es\/#organization","name":"CPQ Ib\u00e9rica","url":"https:\/\/www.cpqiberica.es\/","sameAs":[],"logo":{"@type":"ImageObject","@id":"https:\/\/www.cpqiberica.es\/#logo","inLanguage":"ca","url":"https:\/\/cpqiberica.es\/wp-content\/uploads\/2021\/10\/CPQ-Iberica-Logo-completo.svg","contentUrl":"https:\/\/cpqiberica.es\/wp-content\/uploads\/2021\/10\/CPQ-Iberica-Logo-completo.svg","width":449,"height":139,"caption":"CPQ Ib\u00e9rica"},"image":{"@id":"https:\/\/www.cpqiberica.es\/#logo"}},{"@type":"WebSite","@id":"https:\/\/www.cpqiberica.es\/#website","url":"https:\/\/www.cpqiberica.es\/","name":"CPQ Ib\u00e9rica S.A. - Qu\u00edmica + Tecnolog\u00eda + Serveis","description":"","publisher":{"@id":"https:\/\/www.cpqiberica.es\/#organization"},"potentialAction":[{"@type":"SearchAction","target":{"@type":"EntryPoint","urlTemplate":"https:\/\/www.cpqiberica.es\/?s={search_term_string}"},"query-input":"required name=search_term_string"}],"inLanguage":"ca"},{"@type":"ImageObject","@id":"https:\/\/www.cpqiberica.es\/ca\/contacte\/#primaryimage","inLanguage":"ca","url":"https:\/\/www.cpqiberica.es\/wp-content\/uploads\/2022\/02\/phone-roninestudi.png","contentUrl":"https:\/\/www.cpqiberica.es\/wp-content\/uploads\/2022\/02\/phone-roninestudi.png","width":300,"height":346},{"@type":"WebPage","@id":"https:\/\/www.cpqiberica.es\/ca\/contacte\/#webpage","url":"https:\/\/www.cpqiberica.es\/ca\/contacte\/","name":"Contacte - CPQ Ib\u00e9rica S.A. - Qu\u00edmica + Tecnolog\u00eda + Serveis","isPartOf":{"@id":"https:\/\/www.cpqiberica.es\/#website"},"primaryImageOfPage":{"@id":"https:\/\/www.cpqiberica.es\/ca\/contacte\/#primaryimage"},"datePublished":"2019-06-26T14:23:57+00:00","dateModified":"2022-07-01T11:07:45+00:00","breadcrumb":{"@id":"https:\/\/www.cpqiberica.es\/ca\/contacte\/#breadcrumb"},"inLanguage":"ca","potentialAction":[{"@type":"ReadAction","target":["https:\/\/www.cpqiberica.es\/ca\/contacte\/"]}]},{"@type":"BreadcrumbList","@id":"https:\/\/www.cpqiberica.es\/ca\/contacte\/#breadcrumb","itemListElement":[{"@type":"ListItem","position":1,"name":"Portada","item":"https:\/\/www.cpqiberica.es\/ca\/"},{"@type":"ListItem","position":2,"name":"Contacte"}]}]}},"_links":{"self":[{"href":"https:\/\/www.cpqiberica.es\/ca\/wp-json\/wp\/v2\/pages\/4812"}],"collection":[{"href":"https:\/\/www.cpqiberica.es\/ca\/wp-json\/wp\/v2\/pages"}],"about":[{"href":"https:\/\/www.cpqiberica.es\/ca\/wp-json\/wp\/v2\/types\/page"}],"author":[{"embeddable":true,"href":"https:\/\/www.cpqiberica.es\/ca\/wp-json\/wp\/v2\/users\/1"}],"replies":[{"embeddable":true,"href":"https:\/\/www.cpqiberica.es\/ca\/wp-json\/wp\/v2\/comments?post=4812"}],"version-history":[{"count":15,"href":"https:\/\/www.cpqiberica.es\/ca\/wp-json\/wp\/v2\/pages\/4812\/revisions"}],"predecessor-version":[{"id":9323,"href":"https:\/\/www.cpqiberica.es\/ca\/wp-json\/wp\/v2\/pages\/4812\/revisions\/9323"}],"wp:attachment":[{"href":"https:\/\/www.cpqiberica.es\/ca\/wp-json\/wp\/v2\/media?parent=4812"}],"curies":[{"name":"wp","href":"https:\/\/api.w.org\/{rel}","templated":true}]}}