{"id":4878,"date":"2019-06-26T15:24:48","date_gmt":"2019-06-26T13:24:48","guid":{"rendered":"https:\/\/cpqiberica.es\/noticias\/"},"modified":"2022-02-08T12:20:21","modified_gmt":"2022-02-08T11:20:21","slug":"noticies","status":"publish","type":"page","link":"https:\/\/www.cpqiberica.es\/ca\/noticies\/","title":{"rendered":"Not\u00edcies"},"content":{"rendered":"\t\t<div data-elementor-type=\"wp-post\" data-elementor-id=\"4878\" class=\"elementor elementor-4878 elementor-295\">\n\t\t\t\t\t\t<div class=\"elementor-inner\">\n\t\t\t\t<div class=\"elementor-section-wrap\">\n\t\t\t\t\t\t\t\t\t<section class=\"elementor-section elementor-top-section elementor-element elementor-element-6eea0ad1 elementor-section-boxed elementor-section-height-default elementor-section-height-default\" data-id=\"6eea0ad1\" data-element_type=\"section\">\n\t\t\t\t\t\t<div class=\"elementor-container elementor-column-gap-default\">\n\t\t\t\t\t\t\t<div class=\"elementor-row\">\n\t\t\t\t\t<div class=\"elementor-column elementor-col-100 elementor-top-column elementor-element elementor-element-19fd4dee\" data-id=\"19fd4dee\" data-element_type=\"column\">\n\t\t\t<div class=\"elementor-column-wrap elementor-element-populated\">\n\t\t\t\t\t\t\t<div class=\"elementor-widget-wrap\">\n\t\t\t\t\t\t<div class=\"elementor-element elementor-element-d647c1a elementor-widget elementor-widget-spacer\" data-id=\"d647c1a\" data-element_type=\"widget\" data-widget_type=\"spacer.default\">\n\t\t\t\t<div class=\"elementor-widget-container\">\n\t\t\t\t\t<div class=\"elementor-spacer\">\n\t\t\t<div class=\"elementor-spacer-inner\"><\/div>\n\t\t<\/div>\n\t\t\t\t<\/div>\n\t\t\t\t<\/div>\n\t\t\t\t<div class=\"elementor-element elementor-element-acd0f13 elementor-widget elementor-widget-spacer\" data-id=\"acd0f13\" data-element_type=\"widget\" data-widget_type=\"spacer.default\">\n\t\t\t\t<div class=\"elementor-widget-container\">\n\t\t\t\t\t<div class=\"elementor-spacer\">\n\t\t\t<div class=\"elementor-spacer-inner\"><\/div>\n\t\t<\/div>\n\t\t\t\t<\/div>\n\t\t\t\t<\/div>\n\t\t\t\t<div class=\"elementor-element elementor-element-9aed101 elementor-posts--align-left elementor-grid-3 elementor-grid-tablet-2 elementor-grid-mobile-1 elementor-posts--thumbnail-top elementor-widget elementor-widget-posts\" data-id=\"9aed101\" data-element_type=\"widget\" data-settings=\"{&quot;pagination_type&quot;:&quot;numbers_and_prev_next&quot;,&quot;classic_columns&quot;:&quot;3&quot;,&quot;classic_columns_tablet&quot;:&quot;2&quot;,&quot;classic_columns_mobile&quot;:&quot;1&quot;,&quot;classic_row_gap&quot;:{&quot;unit&quot;:&quot;px&quot;,&quot;size&quot;:35,&quot;sizes&quot;:[]},&quot;classic_row_gap_tablet&quot;:{&quot;unit&quot;:&quot;px&quot;,&quot;size&quot;:&quot;&quot;,&quot;sizes&quot;:[]},&quot;classic_row_gap_mobile&quot;:{&quot;unit&quot;:&quot;px&quot;,&quot;size&quot;:&quot;&quot;,&quot;sizes&quot;:[]}}\" data-widget_type=\"posts.classic\">\n\t\t\t\t<div class=\"elementor-widget-container\">\n\t\t\t\t\t<div class=\"elementor-posts-container elementor-posts elementor-posts--skin-classic elementor-grid\">\n\t\t\t\t<article class=\"elementor-post elementor-grid-item post-10720 post type-post status-publish format-standard has-post-thumbnail hentry category-cpq-iberica\">\n\t\t\t\t<a class=\"elementor-post__thumbnail__link\" href=\"https:\/\/www.cpqiberica.es\/ca\/mostra-de-vins-i-caves-de-proximitat-dagramunt\/\" >\n\t\t\t<div class=\"elementor-post__thumbnail\"><img width=\"2250\" height=\"2250\" src=\"https:\/\/www.cpqiberica.es\/wp-content\/uploads\/2024\/05\/agramunt_vins.jpg\" class=\"attachment-full size-full\" alt=\"\" loading=\"lazy\" \/><\/div>\n\t\t<\/a>\n\t\t\t\t<div class=\"elementor-post__text\">\n\t\t\t\t<h3 class=\"elementor-post__title\">\n\t\t\t<a href=\"https:\/\/www.cpqiberica.es\/ca\/mostra-de-vins-i-caves-de-proximitat-dagramunt\/\" >\n\t\t\t\tMostra de Vins i Caves de Proximitat d\u2019Agramunt\t\t\t<\/a>\n\t\t<\/h3>\n\t\t\t\t<div class=\"elementor-post__meta-data\">\n\t\t\t\t\t<span class=\"elementor-post-date\">\n\t\t\t24\/05\/2024\t\t<\/span>\n\t\t\t\t<\/div>\n\t\t\t\t<div class=\"elementor-post__excerpt\">\n\t\t\t<p>Participarem, un any m\u00e9s, a la Mostra de Vins i Caves de Proximitat d&#8217;Agramunt, aportant els nostres productes de desinfecci\u00f3 de superf\u00edcies a l&#8217;organitzaci\u00f3 del<\/p>\n\t\t<\/div>\n\t\t\t\t\t<a class=\"elementor-post__read-more\" href=\"https:\/\/www.cpqiberica.es\/ca\/mostra-de-vins-i-caves-de-proximitat-dagramunt\/\" >\n\t\t\t\tSeguir llegint &gt;&gt;\t\t\t<\/a>\n\t\t\t\t<\/div>\n\t\t\t\t<\/article>\n\t\t\t\t<article class=\"elementor-post elementor-grid-item post-10695 post type-post status-publish format-standard has-post-thumbnail hentry category-cpq-iberica\">\n\t\t\t\t<a class=\"elementor-post__thumbnail__link\" href=\"https:\/\/www.cpqiberica.es\/ca\/jornada-tecnica-cpq-inga-food\/\" >\n\t\t\t<div class=\"elementor-post__thumbnail\"><img width=\"2560\" height=\"2213\" src=\"https:\/\/www.cpqiberica.es\/wp-content\/uploads\/2024\/03\/Ingafood-1-scaled.jpg\" class=\"attachment-full size-full\" alt=\"\" loading=\"lazy\" \/><\/div>\n\t\t<\/a>\n\t\t\t\t<div class=\"elementor-post__text\">\n\t\t\t\t<h3 class=\"elementor-post__title\">\n\t\t\t<a href=\"https:\/\/www.cpqiberica.es\/ca\/jornada-tecnica-cpq-inga-food\/\" >\n\t\t\t\tJornada T\u00e8cnica CPQ \u2013 Inga food\t\t\t<\/a>\n\t\t<\/h3>\n\t\t\t\t<div class=\"elementor-post__meta-data\">\n\t\t\t\t\t<span class=\"elementor-post-date\">\n\t\t\t13\/03\/2024\t\t<\/span>\n\t\t\t\t<\/div>\n\t\t\t\t<div class=\"elementor-post__excerpt\">\n\t\t\t<p>Mitjan\u00e7ant el nostre programa TPC (Training &#038; Process Control), basat en oferir un servei i formaci\u00f3 integral als nostres clients, hem tingut l&#8217;oportunitat de fer<\/p>\n\t\t<\/div>\n\t\t\t\t\t<a class=\"elementor-post__read-more\" href=\"https:\/\/www.cpqiberica.es\/ca\/jornada-tecnica-cpq-inga-food\/\" >\n\t\t\t\tSeguir llegint &gt;&gt;\t\t\t<\/a>\n\t\t\t\t<\/div>\n\t\t\t\t<\/article>\n\t\t\t\t<article class=\"elementor-post elementor-grid-item post-10564 post type-post status-publish format-standard has-post-thumbnail hentry category-cpq-iberica\">\n\t\t\t\t<a class=\"elementor-post__thumbnail__link\" href=\"https:\/\/www.cpqiberica.es\/ca\/cpq-col-labora-en-la-mostra-de-vins-i-caves-de-proximitat-dvins-2023\/\" >\n\t\t\t<div class=\"elementor-post__thumbnail\"><img width=\"2560\" height=\"2560\" src=\"https:\/\/www.cpqiberica.es\/wp-content\/uploads\/2023\/05\/Dvins-2023-1-scaled.jpg\" class=\"attachment-full size-full\" alt=\"\" loading=\"lazy\" \/><\/div>\n\t\t<\/a>\n\t\t\t\t<div class=\"elementor-post__text\">\n\t\t\t\t<h3 class=\"elementor-post__title\">\n\t\t\t<a href=\"https:\/\/www.cpqiberica.es\/ca\/cpq-col-labora-en-la-mostra-de-vins-i-caves-de-proximitat-dvins-2023\/\" >\n\t\t\t\tCPQ col.labora en la Mostra de Vins i Caves de proximitat Dvins 2023\t\t\t<\/a>\n\t\t<\/h3>\n\t\t\t\t<div class=\"elementor-post__meta-data\">\n\t\t\t\t\t<span class=\"elementor-post-date\">\n\t\t\t26\/05\/2023\t\t<\/span>\n\t\t\t\t<\/div>\n\t\t\t\t<div class=\"elementor-post__excerpt\">\n\t\t\t<p>A la seva IX edici\u00f3, Dvins reuneix 24 expositors de cellers i elaboradors de vi de la D.O Costers del Segre en un entorn natural<\/p>\n\t\t<\/div>\n\t\t\t\t\t<a class=\"elementor-post__read-more\" href=\"https:\/\/www.cpqiberica.es\/ca\/cpq-col-labora-en-la-mostra-de-vins-i-caves-de-proximitat-dvins-2023\/\" >\n\t\t\t\tSeguir llegint &gt;&gt;\t\t\t<\/a>\n\t\t\t\t<\/div>\n\t\t\t\t<\/article>\n\t\t\t\t<article class=\"elementor-post elementor-grid-item post-10455 post type-post status-publish format-standard has-post-thumbnail hentry category-cpq-iberica\">\n\t\t\t\t<a class=\"elementor-post__thumbnail__link\" href=\"https:\/\/www.cpqiberica.es\/ca\/granges-higiene-eficac-sense-desinfectants-dus-especialitzat\/\" >\n\t\t\t<div class=\"elementor-post__thumbnail\"><img width=\"1200\" height=\"703\" src=\"https:\/\/www.cpqiberica.es\/wp-content\/uploads\/2023\/03\/portadas-01-1.png\" class=\"attachment-full size-full\" alt=\"\" loading=\"lazy\" \/><\/div>\n\t\t<\/a>\n\t\t\t\t<div class=\"elementor-post__text\">\n\t\t\t\t<h3 class=\"elementor-post__title\">\n\t\t\t<a href=\"https:\/\/www.cpqiberica.es\/ca\/granges-higiene-eficac-sense-desinfectants-dus-especialitzat\/\" >\n\t\t\t\tGRANGES \u2013 Higiene efica\u00e7 sense desinfectants d\u2019\u00fas especialitzat\t\t\t<\/a>\n\t\t<\/h3>\n\t\t\t\t<div class=\"elementor-post__meta-data\">\n\t\t\t\t\t<span class=\"elementor-post-date\">\n\t\t\t21\/03\/2023\t\t<\/span>\n\t\t\t\t<\/div>\n\t\t\t\t<div class=\"elementor-post__excerpt\">\n\t\t\t\t\t<\/div>\n\t\t\t\t\t<a class=\"elementor-post__read-more\" href=\"https:\/\/www.cpqiberica.es\/ca\/granges-higiene-eficac-sense-desinfectants-dus-especialitzat\/\" >\n\t\t\t\tSeguir llegint &gt;&gt;\t\t\t<\/a>\n\t\t\t\t<\/div>\n\t\t\t\t<\/article>\n\t\t\t\t<article class=\"elementor-post elementor-grid-item post-10335 post type-post status-publish format-standard has-post-thumbnail hentry category-cpq-iberica\">\n\t\t\t\t<a class=\"elementor-post__thumbnail__link\" href=\"https:\/\/www.cpqiberica.es\/ca\/mesures-preventives-davant-la-influenca-aviaria-dalta-patogenicitat-en-granges-avicoles\/\" >\n\t\t\t<div class=\"elementor-post__thumbnail\"><img width=\"1280\" height=\"720\" src=\"https:\/\/www.cpqiberica.es\/wp-content\/uploads\/2023\/02\/portada_TV3.png\" class=\"attachment-full size-full\" alt=\"\" loading=\"lazy\" \/><\/div>\n\t\t<\/a>\n\t\t\t\t<div class=\"elementor-post__text\">\n\t\t\t\t<h3 class=\"elementor-post__title\">\n\t\t\t<a href=\"https:\/\/www.cpqiberica.es\/ca\/mesures-preventives-davant-la-influenca-aviaria-dalta-patogenicitat-en-granges-avicoles\/\" >\n\t\t\t\tMesures preventives davant la influen\u00e7a avi\u00e0ria d\u2019alta patogenicitat en granges av\u00edcoles\t\t\t<\/a>\n\t\t<\/h3>\n\t\t\t\t<div class=\"elementor-post__meta-data\">\n\t\t\t\t\t<span class=\"elementor-post-date\">\n\t\t\t13\/02\/2023\t\t<\/span>\n\t\t\t\t<\/div>\n\t\t\t\t<div class=\"elementor-post__excerpt\">\n\t\t\t<p>Recordem que a causa de l&#8217;alt risc de contagi i propagaci\u00f3 de la IAAP, cal extremar les mesures de bioseguretat dins i fora de la<\/p>\n\t\t<\/div>\n\t\t\t\t\t<a class=\"elementor-post__read-more\" href=\"https:\/\/www.cpqiberica.es\/ca\/mesures-preventives-davant-la-influenca-aviaria-dalta-patogenicitat-en-granges-avicoles\/\" >\n\t\t\t\tSeguir llegint &gt;&gt;\t\t\t<\/a>\n\t\t\t\t<\/div>\n\t\t\t\t<\/article>\n\t\t\t\t<article class=\"elementor-post elementor-grid-item post-10256 post type-post status-publish format-standard has-post-thumbnail hentry category-cpq-iberica\">\n\t\t\t\t<a class=\"elementor-post__thumbnail__link\" href=\"https:\/\/www.cpqiberica.es\/ca\/nou-desinfectant-pel-sector-alimentari-i-salut-publica\/\" >\n\t\t\t<div class=\"elementor-post__thumbnail\"><img width=\"1200\" height=\"735\" src=\"https:\/\/www.cpqiberica.es\/wp-content\/uploads\/2023\/02\/dinfex_2030_CAT-01-1.png\" class=\"attachment-full size-full\" alt=\"\" loading=\"lazy\" \/><\/div>\n\t\t<\/a>\n\t\t\t\t<div class=\"elementor-post__text\">\n\t\t\t\t<h3 class=\"elementor-post__title\">\n\t\t\t<a href=\"https:\/\/www.cpqiberica.es\/ca\/nou-desinfectant-pel-sector-alimentari-i-salut-publica\/\" >\n\t\t\t\tNou Desinfectant pel Sector Alimentari i Salut P\u00fablica\t\t\t<\/a>\n\t\t<\/h3>\n\t\t\t\t<div class=\"elementor-post__meta-data\">\n\t\t\t\t\t<span class=\"elementor-post-date\">\n\t\t\t10\/02\/2023\t\t<\/span>\n\t\t\t\t<\/div>\n\t\t\t\t<div class=\"elementor-post__excerpt\">\n\t\t\t<p>La desinfecci\u00f3 \u00e9s el proc\u00e9s d&#8217;eliminaci\u00f3 de microorganismes pat\u00f2gens. Depenent de la naturalesa f\u00edsica dels materials\/superf\u00edcies, les condicions ambientals i el temps de contacte (entre<\/p>\n\t\t<\/div>\n\t\t\t\t\t<a class=\"elementor-post__read-more\" href=\"https:\/\/www.cpqiberica.es\/ca\/nou-desinfectant-pel-sector-alimentari-i-salut-publica\/\" >\n\t\t\t\tSeguir llegint &gt;&gt;\t\t\t<\/a>\n\t\t\t\t<\/div>\n\t\t\t\t<\/article>\n\t\t\t\t<\/div>\n\n\n\t\t\n\t\t\t\t<div class=\"e-load-more-anchor\" data-page=\"1\" data-max-page=\"4\" data-next-page=\"https:\/\/www.cpqiberica.es\/ca\/wp-json\/wp\/v2\/pages\/4878\/page\/2\/\"><\/div>\n\t\t\t\t<nav class=\"elementor-pagination\" role=\"navigation\" aria-label=\"Paginaci\u00f3\">\n\t\t\t<span class=\"page-numbers prev\">Anterior<\/span>\n<span aria-current=\"page\" class=\"page-numbers current\"><span class=\"elementor-screen-only\">P\u00e0gina<\/span>1<\/span>\n<a class=\"page-numbers\" href=\"https:\/\/www.cpqiberica.es\/ca\/wp-json\/wp\/v2\/pages\/4878\/page\/2\/\"><span class=\"elementor-screen-only\">P\u00e0gina<\/span>2<\/a>\n<a class=\"page-numbers\" href=\"https:\/\/www.cpqiberica.es\/ca\/wp-json\/wp\/v2\/pages\/4878\/page\/3\/\"><span class=\"elementor-screen-only\">P\u00e0gina<\/span>3<\/a>\n<a class=\"page-numbers\" href=\"https:\/\/www.cpqiberica.es\/ca\/wp-json\/wp\/v2\/pages\/4878\/page\/4\/\"><span class=\"elementor-screen-only\">P\u00e0gina<\/span>4<\/a>\n<a class=\"page-numbers next\" href=\"https:\/\/www.cpqiberica.es\/ca\/wp-json\/wp\/v2\/pages\/4878\/page\/2\/\">Siguiente<\/a>\t\t<\/nav>\n\t\t\t\t<\/div>\n\t\t\t\t<\/div>\n\t\t\t\t\t\t<\/div>\n\t\t\t\t\t<\/div>\n\t\t<\/div>\n\t\t\t\t\t\t\t\t<\/div>\n\t\t\t\t\t<\/div>\n\t\t<\/section>\n\t\t\t\t\t\t\t\t\t<\/div>\n\t\t\t<\/div>\n\t\t\t\t\t<\/div>\n\t\t","protected":false},"excerpt":{"rendered":"","protected":false},"author":1,"featured_media":0,"parent":0,"menu_order":0,"comment_status":"closed","ping_status":"closed","template":"elementor_header_footer","meta":{"inline_featured_image":false},"yoast_head":"<!-- This site is optimized with the Yoast SEO plugin v18.4.1 - https:\/\/yoast.com\/wordpress\/plugins\/seo\/ -->\n<title>Not\u00edcies - CPQ Ib\u00e9rica S.A. - Qu\u00edmica + Tecnolog\u00eda + Serveis<\/title>\n<meta name=\"robots\" content=\"index, follow, max-snippet:-1, max-image-preview:large, max-video-preview:-1\" \/>\n<link rel=\"canonical\" href=\"https:\/\/www.cpqiberica.es\/ca\/noticies\/\" \/>\n<meta property=\"og:locale\" content=\"ca_ES\" \/>\n<meta property=\"og:type\" content=\"article\" \/>\n<meta property=\"og:title\" content=\"Not\u00edcies - CPQ Ib\u00e9rica S.A. - Qu\u00edmica + Tecnolog\u00eda + Serveis\" \/>\n<meta property=\"og:url\" content=\"https:\/\/www.cpqiberica.es\/ca\/noticies\/\" \/>\n<meta property=\"og:site_name\" content=\"CPQ Ib\u00e9rica S.A. - Qu\u00edmica + Tecnolog\u00eda + Serveis\" \/>\n<meta property=\"article:modified_time\" content=\"2022-02-08T11:20:21+00:00\" \/>\n<meta name=\"twitter:card\" content=\"summary_large_image\" \/>\n<meta name=\"twitter:label1\" content=\"Temps estimat de lectura\" \/>\n\t<meta name=\"twitter:data1\" content=\"1 minut\" \/>\n<script type=\"application\/ld+json\" class=\"yoast-schema-graph\">{\"@context\":\"https:\/\/schema.org\",\"@graph\":[{\"@type\":\"Organization\",\"@id\":\"https:\/\/www.cpqiberica.es\/#organization\",\"name\":\"CPQ Ib\u00e9rica\",\"url\":\"https:\/\/www.cpqiberica.es\/\",\"sameAs\":[],\"logo\":{\"@type\":\"ImageObject\",\"@id\":\"https:\/\/www.cpqiberica.es\/#logo\",\"inLanguage\":\"ca\",\"url\":\"https:\/\/cpqiberica.es\/wp-content\/uploads\/2021\/10\/CPQ-Iberica-Logo-completo.svg\",\"contentUrl\":\"https:\/\/cpqiberica.es\/wp-content\/uploads\/2021\/10\/CPQ-Iberica-Logo-completo.svg\",\"width\":449,\"height\":139,\"caption\":\"CPQ Ib\u00e9rica\"},\"image\":{\"@id\":\"https:\/\/www.cpqiberica.es\/#logo\"}},{\"@type\":\"WebSite\",\"@id\":\"https:\/\/www.cpqiberica.es\/#website\",\"url\":\"https:\/\/www.cpqiberica.es\/\",\"name\":\"CPQ Ib\u00e9rica S.A. - Qu\u00edmica + Tecnolog\u00eda + Serveis\",\"description\":\"\",\"publisher\":{\"@id\":\"https:\/\/www.cpqiberica.es\/#organization\"},\"potentialAction\":[{\"@type\":\"SearchAction\",\"target\":{\"@type\":\"EntryPoint\",\"urlTemplate\":\"https:\/\/www.cpqiberica.es\/?s={search_term_string}\"},\"query-input\":\"required name=search_term_string\"}],\"inLanguage\":\"ca\"},{\"@type\":\"WebPage\",\"@id\":\"https:\/\/www.cpqiberica.es\/ca\/noticies\/#webpage\",\"url\":\"https:\/\/www.cpqiberica.es\/ca\/noticies\/\",\"name\":\"Not\u00edcies - CPQ Ib\u00e9rica S.A. - Qu\u00edmica + Tecnolog\u00eda + Serveis\",\"isPartOf\":{\"@id\":\"https:\/\/www.cpqiberica.es\/#website\"},\"datePublished\":\"2019-06-26T13:24:48+00:00\",\"dateModified\":\"2022-02-08T11:20:21+00:00\",\"breadcrumb\":{\"@id\":\"https:\/\/www.cpqiberica.es\/ca\/noticies\/#breadcrumb\"},\"inLanguage\":\"ca\",\"potentialAction\":[{\"@type\":\"ReadAction\",\"target\":[\"https:\/\/www.cpqiberica.es\/ca\/noticies\/\"]}]},{\"@type\":\"BreadcrumbList\",\"@id\":\"https:\/\/www.cpqiberica.es\/ca\/noticies\/#breadcrumb\",\"itemListElement\":[{\"@type\":\"ListItem\",\"position\":1,\"name\":\"Portada\",\"item\":\"https:\/\/www.cpqiberica.es\/ca\/\"},{\"@type\":\"ListItem\",\"position\":2,\"name\":\"Not\u00edcies\"}]}]}<\/script>\n<!-- \/ Yoast SEO plugin. -->","yoast_head_json":{"title":"Not\u00edcies - CPQ Ib\u00e9rica S.A. - Qu\u00edmica + Tecnolog\u00eda + Serveis","robots":{"index":"index","follow":"follow","max-snippet":"max-snippet:-1","max-image-preview":"max-image-preview:large","max-video-preview":"max-video-preview:-1"},"canonical":"https:\/\/www.cpqiberica.es\/ca\/noticies\/","og_locale":"ca_ES","og_type":"article","og_title":"Not\u00edcies - CPQ Ib\u00e9rica S.A. - Qu\u00edmica + Tecnolog\u00eda + Serveis","og_url":"https:\/\/www.cpqiberica.es\/ca\/noticies\/","og_site_name":"CPQ Ib\u00e9rica S.A. - Qu\u00edmica + Tecnolog\u00eda + Serveis","article_modified_time":"2022-02-08T11:20:21+00:00","twitter_card":"summary_large_image","twitter_misc":{"Temps estimat de lectura":"1 minut"},"schema":{"@context":"https:\/\/schema.org","@graph":[{"@type":"Organization","@id":"https:\/\/www.cpqiberica.es\/#organization","name":"CPQ Ib\u00e9rica","url":"https:\/\/www.cpqiberica.es\/","sameAs":[],"logo":{"@type":"ImageObject","@id":"https:\/\/www.cpqiberica.es\/#logo","inLanguage":"ca","url":"https:\/\/cpqiberica.es\/wp-content\/uploads\/2021\/10\/CPQ-Iberica-Logo-completo.svg","contentUrl":"https:\/\/cpqiberica.es\/wp-content\/uploads\/2021\/10\/CPQ-Iberica-Logo-completo.svg","width":449,"height":139,"caption":"CPQ Ib\u00e9rica"},"image":{"@id":"https:\/\/www.cpqiberica.es\/#logo"}},{"@type":"WebSite","@id":"https:\/\/www.cpqiberica.es\/#website","url":"https:\/\/www.cpqiberica.es\/","name":"CPQ Ib\u00e9rica S.A. - Qu\u00edmica + Tecnolog\u00eda + Serveis","description":"","publisher":{"@id":"https:\/\/www.cpqiberica.es\/#organization"},"potentialAction":[{"@type":"SearchAction","target":{"@type":"EntryPoint","urlTemplate":"https:\/\/www.cpqiberica.es\/?s={search_term_string}"},"query-input":"required name=search_term_string"}],"inLanguage":"ca"},{"@type":"WebPage","@id":"https:\/\/www.cpqiberica.es\/ca\/noticies\/#webpage","url":"https:\/\/www.cpqiberica.es\/ca\/noticies\/","name":"Not\u00edcies - CPQ Ib\u00e9rica S.A. - Qu\u00edmica + Tecnolog\u00eda + Serveis","isPartOf":{"@id":"https:\/\/www.cpqiberica.es\/#website"},"datePublished":"2019-06-26T13:24:48+00:00","dateModified":"2022-02-08T11:20:21+00:00","breadcrumb":{"@id":"https:\/\/www.cpqiberica.es\/ca\/noticies\/#breadcrumb"},"inLanguage":"ca","potentialAction":[{"@type":"ReadAction","target":["https:\/\/www.cpqiberica.es\/ca\/noticies\/"]}]},{"@type":"BreadcrumbList","@id":"https:\/\/www.cpqiberica.es\/ca\/noticies\/#breadcrumb","itemListElement":[{"@type":"ListItem","position":1,"name":"Portada","item":"https:\/\/www.cpqiberica.es\/ca\/"},{"@type":"ListItem","position":2,"name":"Not\u00edcies"}]}]}},"_links":{"self":[{"href":"https:\/\/www.cpqiberica.es\/ca\/wp-json\/wp\/v2\/pages\/4878"}],"collection":[{"href":"https:\/\/www.cpqiberica.es\/ca\/wp-json\/wp\/v2\/pages"}],"about":[{"href":"https:\/\/www.cpqiberica.es\/ca\/wp-json\/wp\/v2\/types\/page"}],"author":[{"embeddable":true,"href":"https:\/\/www.cpqiberica.es\/ca\/wp-json\/wp\/v2\/users\/1"}],"replies":[{"embeddable":true,"href":"https:\/\/www.cpqiberica.es\/ca\/wp-json\/wp\/v2\/comments?post=4878"}],"version-history":[{"count":1,"href":"https:\/\/www.cpqiberica.es\/ca\/wp-json\/wp\/v2\/pages\/4878\/revisions"}],"predecessor-version":[{"id":8156,"href":"https:\/\/www.cpqiberica.es\/ca\/wp-json\/wp\/v2\/pages\/4878\/revisions\/8156"}],"wp:attachment":[{"href":"https:\/\/www.cpqiberica.es\/ca\/wp-json\/wp\/v2\/media?parent=4878"}],"curies":[{"name":"wp","href":"https:\/\/api.w.org\/{rel}","templated":true}]}}